{"id":36,"date":"2025-03-27T23:47:11","date_gmt":"2025-03-27T23:47:11","guid":{"rendered":"https:\/\/tuxconsult.dk\/?page_id=36"},"modified":"2025-03-28T00:17:01","modified_gmt":"2025-03-28T00:17:01","slug":"hjem","status":"publish","type":"page","link":"https:\/\/tuxconsult.dk\/","title":{"rendered":"Pingvinens hjem"},"content":{"rendered":"\n<h2 class=\"wp-block-heading\">Velkommen til TuxConsult<\/h2>\n\n\n\n<p>Vores fokus er at hj\u00e6lpe og guide danske firma til en solid enterprise platform, baseret p\u00e5 stabile opensource l\u00f8sninger.<\/p>\n\n\n\n<p>TuxConsult er startet i april 2025 af <a href=\"https:\/\/www.linkedin.com\/in\/martin-juhl-prendergast-9b71b25\/\" data-type=\"link\" data-id=\"https:\/\/www.linkedin.com\/in\/martin-juhl-prendergast-9b71b25\/\">Martin Juhl Prendergast<\/a><\/p>\n\n\n\n<p>Med n\u00e6sten 20 \u00e5rs erfaring indenfor opensource, tilbyder vi hj\u00e6lp med virtualisering, linux, SOE, automatisering, workstations, containerplatforme og meget mere.<\/p>\n\n\n\n<p> <\/p>\n\n\n\n<p><\/p>\n","protected":false},"excerpt":{"rendered":"<p>Velkommen til TuxConsult Vores fokus er at hj\u00e6lpe og guide danske firma til en solid enterprise platform, baseret p\u00e5 stabile opensource l\u00f8sninger. TuxConsult er startet i april 2025 af Martin Juhl Prendergast Med n\u00e6sten 20 \u00e5rs erfaring indenfor opensource, tilbyder vi hj\u00e6lp med virtualisering, linux, SOE, automatisering, workstations, containerplatforme og meget mere.<\/p>\n","protected":false},"author":1,"featured_media":0,"parent":0,"menu_order":0,"comment_status":"closed","ping_status":"closed","template":"","meta":{"footnotes":""},"class_list":["post-36","page","type-page","status-publish","hentry"],"_links":{"self":[{"href":"https:\/\/tuxconsult.dk\/index.php?rest_route=\/wp\/v2\/pages\/36","targetHints":{"allow":["GET"]}}],"collection":[{"href":"https:\/\/tuxconsult.dk\/index.php?rest_route=\/wp\/v2\/pages"}],"about":[{"href":"https:\/\/tuxconsult.dk\/index.php?rest_route=\/wp\/v2\/types\/page"}],"author":[{"embeddable":true,"href":"https:\/\/tuxconsult.dk\/index.php?rest_route=\/wp\/v2\/users\/1"}],"replies":[{"embeddable":true,"href":"https:\/\/tuxconsult.dk\/index.php?rest_route=%2Fwp%2Fv2%2Fcomments&post=36"}],"version-history":[{"count":4,"href":"https:\/\/tuxconsult.dk\/index.php?rest_route=\/wp\/v2\/pages\/36\/revisions"}],"predecessor-version":[{"id":48,"href":"https:\/\/tuxconsult.dk\/index.php?rest_route=\/wp\/v2\/pages\/36\/revisions\/48"}],"wp:attachment":[{"href":"https:\/\/tuxconsult.dk\/index.php?rest_route=%2Fwp%2Fv2%2Fmedia&parent=36"}],"curies":[{"name":"wp","href":"https:\/\/api.w.org\/{rel}","templated":true}]}}